{"id":1569,"date":"2018-12-08T11:00:35","date_gmt":"2018-12-08T11:00:35","guid":{"rendered":"https:\/\/demo.gloriathemes.com\/eventchamp\/demo\/?page_id=1569"},"modified":"2022-04-22T02:19:20","modified_gmt":"2022-04-22T02:19:20","slug":"targer-school-of-industry","status":"publish","type":"page","link":"https:\/\/targer.ba\/soi\/targer-school-of-industry\/","title":{"rendered":"Targer School of Industry"},"content":{"rendered":"<p>[vc_row][vc_column offset=&#8221;vc_col-lg-1 vc_col-md-1 vc_col-xs-12&#8221;][\/vc_column][vc_column offset=&#8221;vc_col-lg-10 vc_col-md-10 vc_col-xs-12&#8221;][vc_column_text]Targer School of Industry \/ \u0160kola industrije predstavlja organizacionu jedinicu firme Targer Engineering &amp; Consulting \u010dija je misija da planira, organizuje i izvodi edukacije koje \u0107e na\u0161im klijentima pomo\u0107i da postanu jo\u0161 vi\u0161e stru\u010dni, informirani i nadahnuti, jednom rije\u010dju izvrsni.[\/vc_column_text][vc_empty_space height=&#8221;75px&#8221;]<div class=\"gt-heading gt-dark gt-size1 gt-align-center\"><div class=\"gt-title\"><span>\u0160kola je formirana s ciljem profesionalizacije edukativnog segmenta firme, a u skladu sa potrebama i \u017eeljama na\u0161ih klijenata.<\/span><\/div><div class=\"gt-separate\"><div class=\"gt-icon\"><svg xmlns=\"http:\/\/www.w3.org\/2000\/svg\" width=\"24\" height=\"24\" viewBox=\"0 0 24 24\" fill=\"none\" stroke=\"currentColor\" stroke-width=\"2\" stroke-linecap=\"round\" stroke-linejoin=\"round\"><line x1=\"16.5\" y1=\"9.4\" x2=\"7.5\" y2=\"4.21\"><\/line><path d=\"M21 16V8a2 2 0 0 0-1-1.73l-7-4a2 2 0 0 0-2 0l-7 4A2 2 0 0 0 3 8v8a2 2 0 0 0 1 1.73l7 4a2 2 0 0 0 2 0l7-4A2 2 0 0 0 21 16z\"><\/path><polyline points=\"3.27 6.96 12 12.01 20.73 6.96\"><\/polyline><line x1=\"12\" y1=\"22.08\" x2=\"12\" y2=\"12\"><\/line><\/svg><\/div><\/div><\/div>[vc_empty_space height=&#8221;105px&#8221;][vc_column_text]<span class=\"paragraf\">\u017divimo u vremenima izrazite profesionalizacije djelatnosti svih vrsta. Za takve djelatnosti potrebni su obu\u010deni, kompetentni i profesionalni pojedinici i organizacije. Osna\u017eivanje uposlenika i kompanija kroz obrazovanje potrebno je danas postaviti kao klju\u010dnu, stalnu i neprekidnu aktivnost, za razliku od reaktivnog djelovanja \u201epo prioritetima\u201c iz pro\u0161losti. Nerealno je tvrditi da je obrazovanje uposlenika jedini faktor uspjeha na dana\u0161njem tr\u017ei\u0161tu, ali sigurno jeste jedan od klju\u010dnih, i to onaj koji mo\u017ee biti tas na vagi uspjeha ili neuspjeha.<\/span><span class=\"paragraf\">Rukovode\u0107i se potrebama tr\u017ei\u0161ta i te\u017enjom za podsticanje profesionalizacije kod na\u0161ih klijenata, s ponosom isti\u010demo da smo pripremili program edukacija koji sveobuhvatno obra\u0111uje privredno-industrijski sektor, izuzimaju\u0107i pravno-finansijski segment. Uspjeli smo zaokru\u017eiti gotovo sve klju\u010dne teme vezane za poslovanje jedne privredne, ali i bilo koje druge organizacije, uz napomenu da \u0107e se program konstantno pobolj\u0161avati u skladu sa potrebama klijenata.<\/span><span class=\"paragraf\">U na\u0161em programu nalaze se i teme kojima se za razliku od ekonomski razvijenog dijela svijeta na prostorima biv\u0161e Jugoslavije pridaje veoma malo zna\u010daja, a klju\u010dne su za uspjeh svake organizacije. Teme kao npr. upravljanje proizvodnjom, upravljanje lancem snabdjevanja i logistika \/ SCM &#8211; Supply chain management, Lean &#8211; Six Sigma i operativna izvrsnost, B2B prodaja i marketing, vje\u0161tine rukovo\u0111enja, itd.<\/span><span class=\"paragraf\">Edukacije su podjeljene u 6 programa:<\/span><\/p>\n<p>\u25baBusinnes &amp; Kadrovi<br \/>\n\u25baTr\u017ei\u0161te &amp; Razvoj<br \/>\n\u25baProizvodnja &amp; Operacije<br \/>\n\u25baSupply chain management<br \/>\n\u25baUpravljanje kvalitetom<br \/>\n\u25baLean &#8211; Six Sigma<span class=\"paragraf\">Otvorene i in-house edukacije se izvode u grupama od 8 do 16 u\u010desnika. Izrazito su intenzivne i interkativne, a u\u010desnici \u0107e pro\u0107i kroz pojedina\u010dne i grupne vje\u017ebe, te studije slu\u010daja. Na\u0161i su treneri eksperti u podru\u010djima koja pokrivaju, a mi kao Targer SOI trudimo se da trening izvodi za odre\u0111enu oblast najbolji stru\u010dnjak Bosne i Hercegovine ili regiona Zapadnog Balkana. Velika prednost na\u0161ih trenera je \u0161to oni nisu isklju\u010divo predava\u010di, nego obavljaju konsultantske ili izvr\u0161ne djelatnosti direktno u privredi ili obrazovnom sektoru.<\/span><span class=\"paragraf\">Pored uobi\u010dajenih karakteristika koje svaka izvrsna edukacija treba zadovoljavati, kao \u0161to su kompetentni treneri, efektivan prenos znanja, ispunjavanje pedago\u0161kih normi, itd, \u017eelimo dodatno istaknuti dvije stvari koje na\u0161e edukacije \u010dine posebnim:<\/span><span class=\"paragraf\">\u25baIntenzivan trening i prenos znanja bez rasipanja vremena i energije<br \/>\n\u25baPrenos mentaliteta stalnih i neprekidnih pobolj\u0161anja<\/span><span class=\"paragraf\">Zadovoljni klijenti koji se u dobroj mjeri iznova vra\u0107aju najbolji su pokazatelj vrijednosti na\u0161ih edukacija. Ocjene od strane kompanija kojima smo izveli barem jedan ku\u0107ni \/ in-house seminar, a nekima od njih smo ve\u0107 postali strate\u0161ki partner i stalni izvo\u0111a\u010d edukacija, tako\u0111er nam daju za pravo izjaviti da umijemo, ho\u0107emo i mo\u017eemo. Pozivamo sve pojedince i organizacije \u017eeljne stjecanja novih kompetencija, upoznavanja novih kolega iz srednih djelatnosti ili ostajanja u toku sa novim saznanjima da nam dozvole da na djelu poka\u017eemo ono o \u010demu ovdje govorimo.<\/span><span class=\"paragraf\">U slu\u010daju dodatnih \u017eelja i potreba za temama mimo na\u0161eg standardnog programa, na raspolaganju smo za sve vrste saradnje za koju mo\u017eemo ponuditi kompetentnu uslugu. \u017delimo organizacijama koje za odre\u0111enu temu imaju dovoljan broj kandidata preporu\u010diti odr\u017eavanje \u201cin-house \/ ku\u0107nih\u201d treninga, jer su u tom slu\u010daju edukacije po uposleniku zna\u010dajno povoljnije.<\/span><\/p>\n<h2>Na\u0161e edukacije dodaju vrijednost!<\/h2>\n<p><span class=\"paragraf\">Va\u0161 Targer School of Industry Team<\/span>[\/vc_column_text][\/vc_column][vc_column offset=&#8221;vc_col-lg-1 vc_col-md-1 vc_col-xs-12&#8221;][\/vc_column][\/vc_row]<\/p>\n","protected":false},"excerpt":{"rendered":"<p>[vc_row][vc_column offset=&#8221;vc_col-lg-1 vc_col-md-1 vc_col-xs-12&#8221;][\/vc_column][vc_column offset=&#8221;vc_col-lg-10 vc_col-md-10 vc_col-xs-12&#8221;][vc_column_text]Targer School of Industry \/ \u0160kola industrije predstavlja organizacionu jedinicu firme Targer Engineering &amp; Consulting \u010dija je misija da planira, organizuje i izvodi edukacije koje \u0107e na\u0161im klijentima pomo\u0107i da postanu jo\u0161 vi\u0161e stru\u010dni,&#8230;<\/p>\n","protected":false},"author":1,"featured_media":0,"parent":0,"menu_order":0,"comment_status":"closed","ping_status":"closed","template":"","meta":{"iawp_total_views":78,"footnotes":""},"class_list":["post-1569","page","type-page","status-publish","hentry"],"_links":{"self":[{"href":"https:\/\/targer.ba\/soi\/wp-json\/wp\/v2\/pages\/1569","targetHints":{"allow":["GET"]}}],"collection":[{"href":"https:\/\/targer.ba\/soi\/wp-json\/wp\/v2\/pages"}],"about":[{"href":"https:\/\/targer.ba\/soi\/wp-json\/wp\/v2\/types\/page"}],"author":[{"embeddable":true,"href":"https:\/\/targer.ba\/soi\/wp-json\/wp\/v2\/users\/1"}],"replies":[{"embeddable":true,"href":"https:\/\/targer.ba\/soi\/wp-json\/wp\/v2\/comments?post=1569"}],"version-history":[{"count":4,"href":"https:\/\/targer.ba\/soi\/wp-json\/wp\/v2\/pages\/1569\/revisions"}],"predecessor-version":[{"id":3010,"href":"https:\/\/targer.ba\/soi\/wp-json\/wp\/v2\/pages\/1569\/revisions\/3010"}],"wp:attachment":[{"href":"https:\/\/targer.ba\/soi\/wp-json\/wp\/v2\/media?parent=1569"}],"curies":[{"name":"wp","href":"https:\/\/api.w.org\/{rel}","templated":true}]}}